{"id":752,"date":"2023-05-09T17:18:47","date_gmt":"2023-05-09T17:18:47","guid":{"rendered":"http:\/\/slowtide.fr\/?page_id=752"},"modified":"2024-06-13T18:20:27","modified_gmt":"2024-06-13T18:20:27","slug":"752-2","status":"publish","type":"page","link":"https:\/\/slowtide.fr\/?page_id=752","title":{"rendered":"Contre-indications"},"content":{"rendered":"<p>[et_pb_section fb_built=\u00a0\u00bb1&Prime; admin_label=\u00a0\u00bbSection\u00a0\u00bb _builder_version=\u00a0\u00bb4.20.4&Prime; _module_preset=\u00a0\u00bbdefault\u00a0\u00bb background_image=\u00a0\u00bbhttps:\/\/slowtide.fr\/wp-content\/uploads\/2023\/04\/pexels-jess-loiterton-4321421Crope-scaled.jpg\u00a0\u00bb min_height=\u00a0\u00bb802px\u00a0\u00bb custom_margin=\u00a0\u00bb-70px||||false|false\u00a0\u00bb collapsed=\u00a0\u00bboff\u00a0\u00bb global_colors_info=\u00a0\u00bb{}\u00a0\u00bb][et_pb_row _builder_version=\u00a0\u00bb4.20.4&Prime; _module_preset=\u00a0\u00bbdefault\u00a0\u00bb custom_margin=\u00a0\u00bb||||false|false\u00a0\u00bb custom_padding=\u00a0\u00bb||||false|false\u00a0\u00bb global_colors_info=\u00a0\u00bb{}\u00a0\u00bb][et_pb_column type=\u00a0\u00bb4_4&Prime; _builder_version=\u00a0\u00bb4.20.4&Prime; _module_preset=\u00a0\u00bbdefault\u00a0\u00bb custom_padding=\u00a0\u00bb||||false|false\u00a0\u00bb global_colors_info=\u00a0\u00bb{}\u00a0\u00bb][et_pb_text _builder_version=\u00a0\u00bb4.20.4&Prime; _module_preset=\u00a0\u00bbdefault\u00a0\u00bb text_font=\u00a0\u00bbCormorant Garamond||||||||\u00a0\u00bb text_text_color=\u00a0\u00bb#FFFFFF\u00a0\u00bb header_text_color=\u00a0\u00bb#FFFFFF\u00a0\u00bb header_2_font=\u00a0\u00bbCormorant Garamond|||on|||||\u00a0\u00bb header_2_text_color=\u00a0\u00bb#FFFFFF\u00a0\u00bb header_2_font_size=\u00a0\u00bb40px\u00a0\u00bb module_alignment=\u00a0\u00bbcenter\u00a0\u00bb custom_margin=\u00a0\u00bb25px||||false|false\u00a0\u00bb custom_margin_tablet=\u00a0\u00bb25px||||false|false\u00a0\u00bb custom_margin_phone=\u00a0\u00bb0px||||false|false\u00a0\u00bb custom_margin_last_edited=\u00a0\u00bbon|phone\u00a0\u00bb hover_enabled=\u00a0\u00bb0&Prime; text_text_color_tablet=\u00a0\u00bb#FFFFFF\u00a0\u00bb text_text_color_phone=\u00a0\u00bb#FFFFFF\u00a0\u00bb text_text_color_last_edited=\u00a0\u00bbon|phone\u00a0\u00bb header_2_text_color_tablet=\u00a0\u00bb#FFFFFF\u00a0\u00bb header_2_text_color_phone=\u00a0\u00bb#000000&Prime; header_2_text_color_last_edited=\u00a0\u00bboff|phone\u00a0\u00bb global_colors_info=\u00a0\u00bb{}\u00a0\u00bb sticky_enabled=\u00a0\u00bb0&Prime;]<\/p>\n<h2 style=\"text-align: center;\">Contre-indications<\/h2>\n<p>[\/et_pb_text][et_pb_text _builder_version=\u00a0\u00bb4.20.4&Prime; _module_preset=\u00a0\u00bbdefault\u00a0\u00bb text_font=\u00a0\u00bb||||||||\u00a0\u00bb text_text_color=\u00a0\u00bb#FFFFFF\u00a0\u00bb text_font_size=\u00a0\u00bb17px\u00a0\u00bb header_text_color=\u00a0\u00bb#FFFFFF\u00a0\u00bb header_font_size=\u00a0\u00bb27px\u00a0\u00bb header_2_font=\u00a0\u00bbLato||||||||\u00a0\u00bb header_2_text_color=\u00a0\u00bb#FFFFFF\u00a0\u00bb header_2_font_size=\u00a0\u00bb20px\u00a0\u00bb header_2_line_height=\u00a0\u00bb1.7em\u00a0\u00bb max_width=\u00a0\u00bb60%\u00a0\u00bb max_width_tablet=\u00a0\u00bb60%\u00a0\u00bb max_width_phone=\u00a0\u00bb93%\u00a0\u00bb max_width_last_edited=\u00a0\u00bbon|phone\u00a0\u00bb module_alignment=\u00a0\u00bbcenter\u00a0\u00bb custom_margin=\u00a0\u00bb||||false|false\u00a0\u00bb header_line_height_tablet=\u00a0\u00bb\u00a0\u00bb header_line_height_phone=\u00a0\u00bb1em\u00a0\u00bb header_line_height_last_edited=\u00a0\u00bbon|phone\u00a0\u00bb header_2_text_color_tablet=\u00a0\u00bb#FFFFFF\u00a0\u00bb header_2_text_color_phone=\u00a0\u00bb#FFFFFF\u00a0\u00bb header_2_text_color_last_edited=\u00a0\u00bbon|phone\u00a0\u00bb header_2_line_height_tablet=\u00a0\u00bb1.7em\u00a0\u00bb header_2_line_height_phone=\u00a0\u00bb1.5em\u00a0\u00bb header_2_line_height_last_edited=\u00a0\u00bbon|phone\u00a0\u00bb global_colors_info=\u00a0\u00bb{}\u00a0\u00bb]<\/p>\n<p class=\"font_8\" style=\"text-align: center;\"><span>Les massages de relaxation et de bien-\u00eatre \u00e9tant donn\u00e9 leur vis\u00e9e\u00a0non th\u00e9rapeutique sont contre-indiqu\u00e9s dans les cas suivants :<br \/>\u2022 Fi\u00e8vre<br \/>\u2022 Maladies infectieuses<br \/><\/span><span>\u2022 Infection cutan\u00e9e contagieuse<br \/><\/span><span>\u2022\u00a0Troubles circulatoires\u00a0(varice, thrombose,\u00a0 phl\u00e9bite, h\u00e9matome)<br \/><\/span><span>\u2022 Troubles cardiaques<br \/>\u2022 Fractures et blessures r\u00e9centes<br \/><\/span><span>\u2022 Intervention chirurgicale r\u00e9cente<br \/><\/span><span>\u2022 Arthrite, ost\u00e9oporose<br \/>\u2022 H\u00e9mophilie, diab\u00e8te, cancer, sida, \u00e9pilepsie\u00a0: uniquement avec l\u2019accord officiel du m\u00e9decin traitant<br \/><\/span><span>\u2022 Grossesse (pour le massage assis)<\/span><\/p>\n<p class=\"font_8\" style=\"text-align: center;\"><span>\u00a0<\/span><\/p>\n<p class=\"font_8\" style=\"text-align: center;\"><span>En cas de doute, n&rsquo;h\u00e9sitez pas \u00e0 demander l&rsquo;avis de votre m\u00e9decin traitant avant toute prise de rendez-vous.<\/span><\/p>\n<p class=\"font_8\" style=\"text-align: center;\"><span>Merci de noter que tous les massages sont \u00e0 caract\u00e8re non sexuel et que je me r\u00e9serve le droit de refuser le massage en raison d&rsquo;un probl\u00e8me d&rsquo;hygi\u00e8ne.<\/span><\/p>\n<p style=\"text-align: center;\"><span><\/span><\/p>\n<p>[\/et_pb_text][\/et_pb_column][\/et_pb_row][\/et_pb_section]<\/p>\n","protected":false},"excerpt":{"rendered":"<p>Contre-indicationsLes massages de relaxation et de bien-\u00eatre \u00e9tant donn\u00e9 leur vis\u00e9e\u00a0non th\u00e9rapeutique sont contre-indiqu\u00e9s dans les cas suivants :\u2022 Fi\u00e8vre\u2022 Maladies infectieuses\u2022 Infection cutan\u00e9e contagieuse\u2022\u00a0Troubles circulatoires\u00a0(varice, thrombose,\u00a0 phl\u00e9bite, h\u00e9matome)\u2022 Troubles cardiaques\u2022 Fractures et blessures r\u00e9centes\u2022 Intervention chirurgicale r\u00e9cente\u2022 Arthrite, ost\u00e9oporose\u2022 H\u00e9mophilie, diab\u00e8te, cancer, sida, \u00e9pilepsie\u00a0: uniquement avec l\u2019accord officiel du m\u00e9decin traitant\u2022 Grossesse (pour le [&hellip;]<\/p>\n","protected":false},"author":1,"featured_media":0,"parent":0,"menu_order":8,"comment_status":"closed","ping_status":"closed","template":"","meta":{"_et_pb_use_builder":"on","_et_pb_old_content":"","_et_gb_content_width":"","footnotes":""},"class_list":["post-752","page","type-page","status-publish","hentry"],"_links":{"self":[{"href":"https:\/\/slowtide.fr\/index.php?rest_route=\/wp\/v2\/pages\/752","targetHints":{"allow":["GET"]}}],"collection":[{"href":"https:\/\/slowtide.fr\/index.php?rest_route=\/wp\/v2\/pages"}],"about":[{"href":"https:\/\/slowtide.fr\/index.php?rest_route=\/wp\/v2\/types\/page"}],"author":[{"embeddable":true,"href":"https:\/\/slowtide.fr\/index.php?rest_route=\/wp\/v2\/users\/1"}],"replies":[{"embeddable":true,"href":"https:\/\/slowtide.fr\/index.php?rest_route=%2Fwp%2Fv2%2Fcomments&post=752"}],"version-history":[{"count":8,"href":"https:\/\/slowtide.fr\/index.php?rest_route=\/wp\/v2\/pages\/752\/revisions"}],"predecessor-version":[{"id":948,"href":"https:\/\/slowtide.fr\/index.php?rest_route=\/wp\/v2\/pages\/752\/revisions\/948"}],"wp:attachment":[{"href":"https:\/\/slowtide.fr\/index.php?rest_route=%2Fwp%2Fv2%2Fmedia&parent=752"}],"curies":[{"name":"wp","href":"https:\/\/api.w.org\/{rel}","templated":true}]}}